{"id":3,"date":"2019-11-05T12:00:51","date_gmt":"2019-11-05T12:00:51","guid":{"rendered":"http:\/\/localhost\/Zinfo2020_WP\/?page_id=3"},"modified":"2022-03-22T13:00:42","modified_gmt":"2022-03-22T12:00:42","slug":"adatkezelesi-tajekoztato","status":"publish","type":"page","link":"https:\/\/zempleninfo.eu\/?page_id=3","title":{"rendered":"Adatv\u00e9delmi ir\u00e1nyelvek"},"content":{"rendered":"<div class=\"wpb-content-wrapper\"><p>[vc_row][vc_column][vc_column_text]<\/p>\n<h3 style=\"text-align: center;\">Adatv\u00e9delmi t\u00e1j\u00e9koztat\u00f3<\/h3>\n<h4 style=\"text-align: center;\">a weboldal l\u00e1togat\u00f3i sz\u00e1m\u00e1ra<\/h4>\n<p>&nbsp;<\/p>\n<p>A <strong>S\u00e1toralja\u00fajhely-Hegyk\u00f6z Turizmus\u00e1\u00e9rt Egyes\u00fclet<\/strong> (a tov\u00e1bbiakban: Szolg\u00e1ltat\u00f3) a www.zempleninfo.eu weboldal (a tov\u00e1bbiakban: Weboldal) m\u0171k\u00f6dtet\u00e9se sor\u00e1n, a honlapon \u00e9rdekl\u0151d\u0151k, illetve azon inform\u00e1ci\u00f3t\/aj\u00e1nlatot k\u00e9r\u0151k, (a tov\u00e1bbiakban egy\u00fcttesen \u00c9rintett) szem\u00e9lyes adatait kezeli.<\/p>\n<h4>1. Az adatkezel\u0151 el\u00e9rhet\u0151s\u00e9ge<\/h4>\n<p style=\"padding-left: 40px;\">Adatkezel\u0151 megnevez\u00e9se: <strong>S\u00e1toralja\u00fajhely-Hegyk\u00f6z Turizmus\u00e1\u00e9rt Egyes\u00fclet<\/strong><br \/>\nAdatkezel\u0151 nyilv\u00e1ntart\u00e1sba v\u00e9teli sz\u00e1ma: <strong>05-02-0064552<\/strong><br \/>\nAdatkezel\u0151 sz\u00e9khelye: <strong>3980 S\u00e1toralja\u00fajhely, H\u0151s\u00f6k tere 3.<\/strong><br \/>\nAdatkezel\u0151 elektronikus c\u00edme: <strong>info@ujhelyiturzmus.hu<\/strong><br \/>\nAdatkezel\u0151 kapcsolattart\u00f3ja: <strong>Blan\u00e1r R\u00f3bert TDM menedzser<\/strong><br \/>\nAdatv\u00e9delmi tisztvisel\u0151: <strong>Nincs<\/strong><\/p>\n<h4>2. A kezelt szem\u00e9lyes adatok k\u00f6re<\/h4>\n<p style=\"padding-left: 40px;\">A felhaszn\u00e1l\u00f3kt\u00f3l k\u00fcl\u00f6nb\u00f6z\u0151 szolg\u00e1ltat\u00e1sok el\u00e9r\u00e9s\u00e9hez k\u00fcl\u00f6nb\u00f6z\u0151 szem\u00e9lyes adatokat k\u00e9r\u00fcnk, az adattakar\u00e9koss\u00e1g elv\u00e9t figyelembe v\u00e9ve. A jelen Adatv\u00e9delmi T\u00e1j\u00e9koztat\u00f3 kiz\u00e1r\u00f3lag a weboldalt megl\u00e1togat\u00f3 term\u00e9szetes szem\u00e9lyek adatainak kezel\u00e9s\u00e9re terjed ki, tekintettel arra, hogy szem\u00e9lyes adatok kiz\u00e1r\u00f3lag term\u00e9szetes szem\u00e9lyek vonatkoz\u00e1s\u00e1ban \u00e9rtelmezhet\u0151ek.<br \/>\nNem min\u0151s\u00fclnek szem\u00e9lyes adatnak azok az anonim inform\u00e1ci\u00f3k, amelyeket a szem\u00e9lyes azonos\u00edthat\u00f3s\u00e1g kiz\u00e1r\u00e1s\u00e1val gy\u0171jt adatkezel\u0151, \u00e9s term\u00e9szetes szem\u00e9llyel nem hozhat\u00f3ak kapcsolatba, illetve azok a demogr\u00e1fiai adatok sem min\u0151s\u00fclnek szem\u00e9lyes adatnak, melyeket \u00fagy gy\u0171jt, hogy nem kapcsolja hozz\u00e1 azokat azonos\u00edthat\u00f3 szem\u00e9lyek szem\u00e9lyes adataihoz, ez\u00e1ltal nem \u00e1ll\u00edthat\u00f3 fel kapcsolat term\u00e9szetes szem\u00e9llyel.<\/p>\n<p style=\"padding-left: 40px;\">T\u00e9telesen felsorolva a kezelt adatok k\u00f6re a k\u00f6vetkez\u0151k:<\/p>\n<p style=\"padding-left: 80px;\">Az aj\u00e1nlatk\u00e9r\u0151k, \u00e9rdekl\u0151d\u0151k<\/p>\n<p style=\"padding-left: 120px;\">&#8211; N\u00e9v<br \/>\n&#8211; Email c\u00edm<br \/>\n&#8211; Telefonsz\u00e1m<\/p>\n<p>&nbsp;<\/p>\n<p>[\/vc_column_text][vc_column_text]<\/p>\n<h4>3. Cookie kezel\u00e9si t\u00e1j\u00e9koztat\u00f3<\/h4>\n<p style=\"padding-left: 40px;\">Az Adatkezel\u0151 az \u00c9rintett sz\u00e1m\u00edt\u00f3g\u00e9p\u00e9re anonim ig\u00e9nybe vev\u0151 azonos\u00edt\u00f3t (cookie, s\u00fcti) helyez el, amely \u00f6nmag\u00e1ban semmilyen m\u00f3don nem k\u00e9pes az \u00c9rintett azonos\u00edt\u00e1s\u00e1ra. Kiz\u00e1r\u00f3lag az \u00c9rintett g\u00e9p\u00e9nek felismer\u00e9s\u00e9re alkalmasak, viszont IP c\u00edmet nem t\u00e1rolnak, \u00e9s IP c\u00edmet, mint szem\u00e9lyes adatot a Szolg\u00e1ltat\u00f3 r\u00e9sz\u00e9re nem tov\u00e1bb\u00edtanak. Szem\u00e9lyes adat, vagy inform\u00e1ci\u00f3 megad\u00e1sa nem sz\u00fcks\u00e9ges, mivel a megold\u00e1s alkalmaz\u00e1sakor a Felhaszn\u00e1l\u00f3 a Szolg\u00e1ltat\u00f3nak nem ad \u00e1t szem\u00e9lyes adatot, az adatcsere csak \u00e9s kiz\u00e1r\u00f3lag a g\u00e9pek k\u00f6z\u00f6tt t\u00f6rt\u00e9nik meg.<\/p>\n<h5>\u00a0<\/h5>\n<h5 style=\"padding-left: 40px;\">A honlap m\u0171k\u00f6d\u00e9s\u00e9hez sz\u00fcks\u00e9ges saj\u00e1t cookiek<\/h5>\n<p style=\"padding-left: 40px;\">A honlap m\u0171k\u00f6d\u00e9s\u00e9hez elengedhetetlen n\u00e9h\u00e1ny cookie elhelyez\u00e9se az \u00e9rintett sz\u00e1m\u00edt\u00f3g\u00e9p\u00e9re, ez\u00e1ltal v\u00e1lik a honlap bet\u00f6lt\u00e9se gyorsabb\u00e1, ez\u00e1ltal tudja a saj\u00e1t b\u00f6ng\u00e9sz\u0151je let\u00e1rolni a honlap bizonyos inform\u00e1ci\u00f3it, \u00e9s ez seg\u00edti az \u00c9rintettet abban, hogy a honlap moduljai teljesk\u00f6r\u0171en m\u0171k\u00f6djenek.<\/p>\n<h5>\u00a0<\/h5>\n<h5 style=\"padding-left: 40px;\">Analitikai cookiek<\/h5>\n<p style=\"padding-left: 40px;\">A weboldalunk l\u00e1togatotts\u00e1gi adatainak \u00e9s egy\u00e9b webanalitikai adatainak kinyer\u00e9se \u00e9rdek\u00e9ben a szolg\u00e1ltat\u00f3 ig\u00e9nybe veszi f\u00fcggetlen analitikai szerverek szolg\u00e1ltat\u00e1sait, n\u00e9v szerint a Google Analitycs szoftvert. A m\u00e9r\u00e9si adatok kezel\u00e9s\u00e9r\u0151l ezek a szolg\u00e1ltat\u00f3k tudnak r\u00e9szletes felvil\u00e1gos\u00edt\u00e1st ny\u00fajtani az \u00c9rintett r\u00e9sz\u00e9re.<\/p>\n<p style=\"padding-left: 40px;\">A Google Analytics eset\u00e9ben a Szolg\u00e1ltat\u00f3 megtette azokat a be\u00e1ll\u00edt\u00e1sokat a weboldal k\u00f3dj\u00e1ban, amely szerint a Google Analytics anonimiz\u00e1lja az \u00c9rintett IP c\u00edm\u00e9t, \u00edgy az t\u00f6bb\u00e9 nem beazonos\u00edthat\u00f3, a Szolg\u00e1ltat\u00f3 sz\u00e1m\u00e1ra \u00e1tad\u00e1sra nem ker\u00fcl. Err\u0151l a technol\u00f3gi\u00e1r\u00f3l b\u0151vebben itt olvashat: <a href=\"https:\/\/support.google.com\/analytics\/answer\/2763052?hl=hu\">https:\/\/support.google.com\/analytics\/answer\/2763052?hl=hu<\/a><br \/>\nA c\u00e9l a fenti szoftverek \u00e1ltal biztos\u00edtott anonimiz\u00e1lt inform\u00e1ci\u00f3kkal a honlapunk l\u00e1togatotts\u00e1g\u00e1nak, funkcion\u00e1lis haszn\u00e1lat\u00e1nak elemz\u00e9se a felhaszn\u00e1l\u00f3i \u00e9lm\u00e9ny jav\u00edt\u00e1sa \u00e9rdek\u00e9ben.<br \/>\nEzen m\u00e9r\u00e9sek nem t\u00e1rolnak a felhaszn\u00e1l\u00f3kr\u00f3l olyan adatokat, amivel a felhaszn\u00e1l\u00f3 beazonos\u00edthat\u00f3 lenne, se IP c\u00edmet, se szem\u00e9lyes adatokat.<br \/>\nA Google Inc. adatv\u00e9delmi ir\u00e1nyelve a <a href=\"http:\/\/www.google.com\/intl\/hu_ALL\/privacypolicy.html\">http:\/\/www.google.com\/intl\/hu ALL\/privacypolicy.html<\/a> oldalon \u00e9rhet\u0151 el.<br \/>\nA Google Anlytics cookiek azonos\u00edt\u00e1s\u00e1ra \u00e9s jellemz\u0151ire itt tal\u00e1lja a v\u00e1laszokat:\u00a0 <a href=\"https:\/\/developers.google.com\/analytics\/devguides\/collection\/analyticsjs\/cookie-usage\">https:\/\/developers.google.com\/analytics\/devguides\/collection\/analyticsjs\/cookie-usage<\/a><\/p>\n<h5>\u00a0<\/h5>\n<h5 style=\"padding-left: 40px;\">A Cookie haszn\u00e1lat be\u00e1ll\u00edt\u00e1sa, tilt\u00e1sa<\/h5>\n<p style=\"padding-left: 40px;\"><a href=\"https:\/\/zempleninfo.eu\/h\/uncategorized-hu\/cookie\/\" target=\"_blank\" rel=\"noopener\">Az oldal \u00e1ltal haszn\u00e1lt s\u00fctik list\u00e1j\u00e1t ezen a linken \u00e9rheti el.<\/a><\/p>\n<p>&nbsp;<\/p>\n<p>[\/vc_column_text][vc_column_text]<\/p>\n<h4>4. Technikai adatok \u2013 napl\u00f3\u00e1llom\u00e1nyok (logfile-ok)<\/h4>\n<p style=\"padding-left: 40px;\">A szolg\u00e1ltat\u00e1sok ig\u00e9nybev\u00e9tele \u00e9rdek\u00e9ben a rendszer automatikusan napl\u00f3zza az al\u00e1bbi adatokat:<br \/>\n&#8211; a felhaszn\u00e1l\u00f3 sz\u00e1m\u00edt\u00f3g\u00e9p\u00e9nek dinamikus IP-c\u00edme<br \/>\n&#8211; a felhaszn\u00e1l\u00f3 sz\u00e1m\u00edt\u00f3g\u00e9p\u00e9nek be\u00e1ll\u00edt\u00e1sait\u00f3l f\u00fcgg\u0151en a felhaszn\u00e1l\u00f3 \u00e1ltal haszn\u00e1lt b\u00f6ng\u00e9sz\u0151 \u00e9s az oper\u00e1ci\u00f3s rendszer t\u00edpusa<br \/>\n&#8211; a felhaszn\u00e1l\u00f3 weboldallal kapcsolatos aktivit\u00e1sa<\/p>\n<p style=\"padding-left: 40px;\">Ezen adatok felhaszn\u00e1l\u00e1sa egyr\u00e9szr\u0151l technikai c\u00e9lok &#8211; \u00fagymint a szerverek biztons\u00e1gos m\u0171k\u00f6d\u00e9s\u00e9nek elemz\u00e9se, ut\u00f3lagos ellen\u0151rz\u00e9se- szolg\u00e1l. Ez egy automatikus IT biztons\u00e1gi folyamat, melyet az \u00e9rintett nyilatkozata n\u00e9lk\u00fcl r\u00f6gz\u00edti a rendszer szervernapl\u00f3kba.<br \/>\nA fenti adatok a felhaszn\u00e1l\u00f3 azonos\u00edt\u00e1s\u00e1ra nem alkalmasak \u00e9s azokat az Adatkezel\u0151 egy\u00e9b szem\u00e9lyes adatokkal nem kapcsolja \u00f6ssze.<\/p>\n<p>&nbsp;<\/p>\n<p>[\/vc_column_text][vc_column_text]<\/p>\n<h4>5. Az adatkezel\u00e9s jogalapja \u00e9s c\u00e9lja<\/h4>\n<p style=\"padding-left: 40px;\"><strong>5.1<\/strong><em> Aj\u00e1nlatk\u00e9r\u0151k \u00e9s \u00e9rdekl\u0151d\u0151k eset\u00e9ben <\/em><br \/>\naz adatkezel\u00e9s a szerz\u0151d\u00e9s megk\u00f6t\u00e9s\u00e9t megel\u0151z\u0151 l\u00e9p\u00e9sekhez sz\u00fcks\u00e9ges, az adatkezel\u00e9s c\u00e9lja az \u00c9rintettek szem\u00e9lyre szabott kiszolg\u00e1l\u00e1sa, illetve az \u00c9rintettek k\u00e9r\u00e9s\u00e9re \u00e1raj\u00e1nlat k\u00fcld\u00e9se, amely a k\u00e9s\u0151bbi esetleges szerz\u0151d\u00e9s vagy megrendel\u00e9s alapj\u00e1ul szolg\u00e1lhat.<\/p>\n<p>&nbsp;<\/p>\n<p>[\/vc_column_text][vc_column_text]<\/p>\n<h4>6. Az adatkezel\u00e9s id\u0151tartama<\/h4>\n<p style=\"padding-left: 40px;\"><strong>6.1<\/strong><em> Aj\u00e1nlatk\u00e9r\u0151k \u00e9s \u00e9rdekl\u0151d\u0151k<\/em><br \/>\nadatainak kezel\u00e9se, amennyiben szerz\u0151d\u00e9s j\u00f6tt l\u00e9tre, a szerz\u0151d\u00e9s hat\u00e1lya alatt, illetve a sz\u00e1mviteli t\u00f6rv\u00e9ny szerint a teljes\u00edt\u00e9s \u00e9v\u00e9t k\u00f6vet\u0151 5 \u00e9vig t\u00f6rt\u00e9nik. Amennyiben szerz\u0151d\u00e9s nem j\u00f6tt l\u00e9tre, vagyis kiz\u00e1r\u00f3lag inform\u00e1ci\u00f3t szolg\u00e1ltatunk, az adatokat egy h\u00f3nap, de maximum k\u00f6vetkez\u0151 \u00e9v m\u00e1rcius 1.-ig kezeli a Szolg\u00e1ltat\u00f3.<\/p>\n<p>&nbsp;<\/p>\n<p>[\/vc_column_text][vc_column_text]<\/p>\n<h4>7. Az adatokat megismer\u0151k k\u00f6re, adattov\u00e1bb\u00edt\u00e1s, adatfeldolgoz\u00e1s<\/h4>\n<p style=\"padding-left: 40px;\">Az \u00e9rintettekt\u0151l gy\u0171jt\u00f6tt szem\u00e9lyes adatokat a Szolg\u00e1ltat\u00f3 bels\u0151 munkat\u00e1rsai jogosultak megismerni, azokat nem publik\u00e1lj\u00e1k. Harmadik f\u00e9l sz\u00e1m\u00e1ra adatkezel\u00e9s c\u00e9lj\u00e1b\u00f3l kiz\u00e1r\u00f3lag az \u00e9rintettek k\u00e9r\u00e9s\u00e9re tov\u00e1bb\u00edtja az \u00e9rintett \u00e1ltal megadott c\u00edmzett r\u00e9sz\u00e9re.<\/p>\n<p style=\"padding-left: 40px;\">A Szolg\u00e1ltat\u00f3 tev\u00e9kenys\u00e9ge sor\u00e1n felmer\u00fcl\u0151 feladatok elv\u00e9gz\u00e9se c\u00e9lj\u00e1b\u00f3l (k\u00f6nyvel\u00e9s, elektronikus sz\u00e1mla ki\u00e1ll\u00edt\u00e1sa, h\u00edrlev\u00e9l kik\u00fcld\u00e9se) adatfeldolgoz\u00f3t vehet ig\u00e9nybe.<\/p>\n<p style=\"padding-left: 40px;\">Az adatfeldolgoz\u00f3k kateg\u00f3ri\u00e1i \u00e9s az adattov\u00e1bb\u00edt\u00e1s c\u00edmzettjei:<\/p>\n<p style=\"padding-left: 80px;\">N\u00e9v: Trautson K\u00f6nyvel\u0151iroda<br \/>\nSz\u00e9khely: 3950 S\u00e1rospatak, J\u00f3zsef Attila u. 29.<br \/>\nKateg\u00f3ria: k\u00f6nyvel\u00e9s<\/p>\n<p style=\"padding-left: 80px;\">N\u00e9v: Nemzeti Ad\u00f3- \u00e9s V\u00e1mhivatal (NAV)<br \/>\nSz\u00e9khely: 1054 Budapest, Sz\u00e9chenyi utca 2.<br \/>\nKateg\u00f3ria: elektronikus sz\u00e1ml\u00e1z\u00f3 szoftver<\/p>\n<p style=\"padding-left: 80px;\">N\u00e9v: T\u00e1rhely.Eu Szolg\u00e1ltat\u00f3 Kft.<br \/>\nSz\u00e9khely: 1144 Budapest, Orm\u00e1ns\u00e1g utca 4. X. emelet 241.<br \/>\nKateg\u00f3ria: webt\u00e1rhely \u00fczemeltet\u0151<\/p>\n<p>&nbsp;<\/p>\n<p>[\/vc_column_text][vc_column_text]<\/p>\n<h4>8. Az \u00e9rintettek jogai, jogorvoslati lehet\u0151s\u00e9gek<\/h4>\n<p style=\"padding-left: 40px;\"><strong>8.1<\/strong> Az \u00c9rintett k\u00e9relmezheti az Adatkezel\u0151n\u00e9l<\/p>\n<ul>\n<li style=\"list-style-type: none;\">\n<ul>\n<li>t\u00e1j\u00e9koztat\u00e1s\u00e1t szem\u00e9lyes adatai kezel\u00e9s\u00e9r\u0151l,<\/li>\n<li>szem\u00e9lyes adatainak helyesb\u00edt\u00e9s\u00e9t, valamint<\/li>\n<li>szem\u00e9lyes adatainak &#8211; a k\u00f6telez\u0151 adatkezel\u00e9s kiv\u00e9tel\u00e9vel &#8211; t\u00f6rl\u00e9s\u00e9t vagy z\u00e1rol\u00e1s\u00e1t,<\/li>\n<li>szem\u00e9lyes adatainak tov\u00e1bb\u00edt\u00e1s\u00e1t m\u00e1sik adatkezel\u0151 sz\u00e1m\u00e1ra.<\/li>\n<\/ul>\n<\/li>\n<\/ul>\n<p style=\"padding-left: 40px;\"><strong>8.2<\/strong> Az \u00c9rintett k\u00e9relm\u00e9re az Adatkezel\u0151, legk\u00e9s\u0151bb az erre ir\u00e1nyul\u00f3 k\u00e9relem beny\u00fajt\u00e1s\u00e1t\u00f3l sz\u00e1m\u00edtott 30 napon bel\u00fcl <strong>\u00edr\u00e1sbeli t\u00e1j\u00e9koztat\u00e1st<\/strong> az \u00c9rintett \u00e1ltala kezelt, illetve az \u00e1ltala vagy rendelkez\u00e9se szerint megb\u00edzott adatfeldolgoz\u00f3 \u00e1ltal feldolgozott adatair\u00f3l, azok forr\u00e1s\u00e1r\u00f3l, az adatkezel\u00e9s c\u00e9lj\u00e1r\u00f3l, jogalapj\u00e1r\u00f3l, id\u0151tartam\u00e1r\u00f3l, az adatfeldolgoz\u00f3 nev\u00e9r\u0151l, c\u00edm\u00e9r\u0151l \u00e9s az adatkezel\u00e9ssel \u00f6sszef\u00fcgg\u0151 tev\u00e9kenys\u00e9g\u00e9r\u0151l, tov\u00e1bb\u00e1 &#8211; az \u00e9rintett szem\u00e9lyes adatainak tov\u00e1bb\u00edt\u00e1sa eset\u00e9n &#8211; az adattov\u00e1bb\u00edt\u00e1s jogalapj\u00e1r\u00f3l \u00e9s c\u00edmzettj\u00e9r\u0151l.<\/p>\n<p style=\"padding-left: 40px;\">A t\u00e1j\u00e9koztat\u00e1s ingyenes, ha a t\u00e1j\u00e9koztat\u00e1st k\u00e9r\u0151 a foly\u00f3 \u00e9vben azonos ter\u00fcletre vonatkoz\u00f3 t\u00e1j\u00e9koztat\u00e1si k\u00e9relmet az Adatkezel\u0151h\u00f6z m\u00e9g nem ny\u00fajtott be. Egy\u00e9b esetben az Adatkezel\u0151 k\u00f6lts\u00e9gt\u00e9r\u00edt\u00e9st \u00e1llap\u00edt meg, azzal, hogy a m\u00e1r megfizetett k\u00f6lts\u00e9gt\u00e9r\u00edt\u00e9st vissza kell t\u00e9r\u00edteni, ha az adatokat jogellenesen kezelt\u00e9k, vagy a t\u00e1j\u00e9koztat\u00e1s k\u00e9r\u00e9se helyesb\u00edt\u00e9shez vezetett.<\/p>\n<p style=\"padding-left: 40px;\">Az Adatkezel\u0151 az adattov\u00e1bb\u00edt\u00e1s jogszer\u0171s\u00e9g\u00e9nek ellen\u0151rz\u00e9se, valamint az \u00e9rintett t\u00e1j\u00e9koztat\u00e1sa c\u00e9lj\u00e1b\u00f3l adattov\u00e1bb\u00edt\u00e1si nyilv\u00e1ntart\u00e1st vezet, amely tartalmazza az \u00e1ltala kezelt szem\u00e9lyes adatok tov\u00e1bb\u00edt\u00e1s\u00e1nak id\u0151pontj\u00e1t, az adattov\u00e1bb\u00edt\u00e1s jogalapj\u00e1t \u00e9s c\u00edmzettj\u00e9t, a tov\u00e1bb\u00edtott szem\u00e9lyes adatok k\u00f6r\u00e9nek meghat\u00e1roz\u00e1s\u00e1t, valamint az adatkezel\u00e9st el\u0151\u00edr\u00f3 jogszab\u00e1lyban meghat\u00e1rozott egy\u00e9b adatokat.<\/p>\n<p style=\"padding-left: 40px;\">A Szolg\u00e1ltat\u00f3 az adatv\u00e9delmi incidenssel kapcsolatos int\u00e9zked\u00e9sek ellen\u0151rz\u00e9se, valamint az \u00c9rintett t\u00e1j\u00e9koztat\u00e1sa c\u00e9lj\u00e1b\u00f3l adatv\u00e9delmi incidens nyilv\u00e1ntart\u00e1st vezet, amely tartalmazza az \u00c9rintett szem\u00e9lyes adatok k\u00f6r\u00e9t, az adatv\u00e9delmi incidenssel \u00c9rintettek k\u00f6r\u00e9t \u00e9s sz\u00e1m\u00e1t, az adatv\u00e9delmi incidens id\u0151pontj\u00e1t, k\u00f6r\u00fclm\u00e9nyeit, hat\u00e1sait \u00e9s az elh\u00e1r\u00edt\u00e1s\u00e1ra megtett int\u00e9zked\u00e9seket, valamint az adatkezel\u00e9st el\u0151\u00edr\u00f3 jogszab\u00e1lyban meghat\u00e1rozott egy\u00e9b adatokat.<\/p>\n<p style=\"padding-left: 40px;\"><strong>8.3<\/strong> Az \u00c9rintett b\u00e1rmikor jogosult a helytelen\u00fcl r\u00f6gz\u00edtett adatainak <strong>helyesb\u00edt\u00e9s\u00e9t<\/strong> vagy azok <strong>t\u00f6rl\u00e9s\u00e9t<\/strong> k\u00e9rni. Az ilyen ir\u00e1ny\u00fa k\u00e9r\u00e9s\u00e9t \u00edr\u00e1sban kell beny\u00fajtania postai vagy elektronikus lev\u00e9l form\u00e1j\u00e1ban. A Szolg\u00e1ltat\u00f3 a k\u00e9relem be\u00e9rkez\u00e9s\u00e9t\u0151l sz\u00e1m\u00edtott 3 munkanapon bel\u00fcl t\u00f6rli az adatokat, ez esetben azok nem lesznek \u00fajra helyre\u00e1ll\u00edthat\u00f3k. A t\u00f6rl\u00e9s nem vonatkozik a jogszab\u00e1ly (pl. sz\u00e1mviteli szab\u00e1lyoz\u00e1s) alapj\u00e1n sz\u00fcks\u00e9ges adatkezel\u00e9sekre, azokat Szolg\u00e1ltat\u00f3 a sz\u00fcks\u00e9ges id\u0151tartamig meg\u0151rzi.<\/p>\n<p style=\"padding-left: 40px;\"><strong>8.4<\/strong> Az \u00c9rintett k\u00e9rheti tov\u00e1bb\u00e1, adatainak <strong>z\u00e1rol\u00e1s\u00e1t<\/strong> \u00e9s az <strong>adatainak tov\u00e1bb\u00edt\u00e1s\u00e1t<\/strong> m\u00e1sik adatkezel\u0151 sz\u00e1m\u00e1ra. A Szolg\u00e1ltat\u00f3 z\u00e1rolja a szem\u00e9lyes adatot, ha az \u00e9rintett ezt k\u00e9ri, vagy ha a rendelkez\u00e9s\u00e9re \u00e1ll\u00f3 inform\u00e1ci\u00f3k alapj\u00e1n felt\u00e9telezhet\u0151, hogy a t\u00f6rl\u00e9s s\u00e9rten\u00e9 az \u00c9rintett jogos \u00e9rdekeit. Az \u00edgy z\u00e1rolt szem\u00e9lyes adat kiz\u00e1r\u00f3lag addig kezelhet\u0151, ameddig fenn\u00e1ll az adatkezel\u00e9si c\u00e9l, amely a szem\u00e9lyes adat t\u00f6rl\u00e9s\u00e9t kiz\u00e1rta.<\/p>\n<p style=\"padding-left: 40px;\">A helyesb\u00edt\u00e9sr\u0151l, a z\u00e1rol\u00e1sr\u00f3l \u00e9s a t\u00f6rl\u00e9sr\u0151l az \u00c9rintettet, tov\u00e1bb\u00e1 mindazokat \u00e9rtes\u00edteni kell, akiknek kor\u00e1bban az adatot adatkezel\u00e9s c\u00e9lj\u00e1ra tov\u00e1bb\u00edtott\u00e1k. Az \u00e9rtes\u00edt\u00e9s mell\u0151zhet\u0151, ha ez az adatkezel\u00e9s c\u00e9lj\u00e1ra val\u00f3 tekintettel az \u00c9rintett jogos \u00e9rdek\u00e9t nem s\u00e9rti.<br \/>\nHa a Szolg\u00e1ltat\u00f3 az \u00c9rintett helyesb\u00edt\u00e9s, z\u00e1rol\u00e1s vagy t\u00f6rl\u00e9s ir\u00e1nti k\u00e9relm\u00e9t nem teljes\u00edti, a k\u00e9relem k\u00e9zhezv\u00e9tel\u00e9t k\u00f6vet\u0151 30 napon bel\u00fcl \u00edr\u00e1sban k\u00f6zli a helyesb\u00edt\u00e9s, z\u00e1rol\u00e1s vagy t\u00f6rl\u00e9s ir\u00e1nti k\u00e9relem elutas\u00edt\u00e1s\u00e1nak t\u00e9nybeli \u00e9s jogi indokait.<\/p>\n<p style=\"padding-left: 40px;\">Az \u00c9rintett tov\u00e1bb\u00e1 az 8.5. pontban megjel\u00f6lt kapcsolattart\u00e1si c\u00edmek egyik\u00e9n juttathatja el az Adatkezel\u0151 sz\u00e1m\u00e1ra az al\u00e1bbiakat:<\/p>\n<ul>\n<li style=\"list-style-type: none;\">\n<ul>\n<li style=\"list-style-type: none;\">\n<ul>\n<li>k\u00e9rheti adatainak \u00e1tad\u00e1s\u00e1t m\u00e1sik adatkezel\u0151nek, amennyiben az adatkezel\u00e9s szerz\u0151d\u00e9sen vagy hozz\u00e1j\u00e1rul\u00e1son alapul \u00e9s a Szolg\u00e1ltat\u00f3 automatiz\u00e1lt elj\u00e1r\u00e1s keret\u00e9ben kezeli.<\/li>\n<li>rendelkezhet a kor\u00e1bban az adatkezel\u00e9shez adott hozz\u00e1j\u00e1rul\u00e1s\u00e1nak visszavon\u00e1s\u00e1r\u00f3l<\/li>\n<\/ul>\n<\/li>\n<\/ul>\n<\/li>\n<\/ul>\n<p style=\"padding-left: 40px;\">Az \u00c9rintett <strong>tiltakozhat<\/strong> szem\u00e9lyes adat\u00e1nak kezel\u00e9se ellen. Szolg\u00e1ltat\u00f3 a tiltakoz\u00e1st a k\u00e9relem beny\u00fajt\u00e1s\u00e1t\u00f3l sz\u00e1m\u00edtott legr\u00f6videbb id\u0151n bel\u00fcl, de legfeljebb 15 nap alatt megvizsg\u00e1lja, annak megalapozotts\u00e1ga k\u00e9rd\u00e9s\u00e9ben d\u00f6nt\u00e9st hoz, \u00e9s d\u00f6nt\u00e9s\u00e9r\u0151l a k\u00e9relmez\u0151t \u00edr\u00e1sban t\u00e1j\u00e9koztatja. A helyesb\u00edt\u00e9s, t\u00f6rl\u00e9s vagy z\u00e1rol\u00e1s ir\u00e1nti k\u00e9relem elutas\u00edt\u00e1sa eset\u00e9n az Adatkezel\u0151 t\u00e1j\u00e9koztatja az \u00c9rintettet a b\u00edr\u00f3s\u00e1gi jogorvoslat, tov\u00e1bb\u00e1 a Hat\u00f3s\u00e1ghoz fordul\u00e1s lehet\u0151s\u00e9g\u00e9r\u0151l.<\/p>\n<p style=\"padding-left: 40px;\"><strong>Adatbiztons\u00e1gi int\u00e9zked\u00e9sekr\u0151l sz\u00f3l\u00f3 t\u00e1j\u00e9koztat\u00e1s:<\/strong><br \/>\nAdatkezel\u0151 gondoskodik az alap\u00e9rtelmezett \u00e9s be\u00e9p\u00edtett adatv\u00e9delemr\u0151l. Ennek \u00e9rdek\u00e9ben az Adatkezel\u0151 megfelel\u0151 technikai \u00e9s szervez\u00e9si int\u00e9zked\u00e9seket alkalmaz annak \u00e9rdek\u00e9ben, hogy:<\/p>\n<ul>\n<li style=\"list-style-type: none;\">\n<ul>\n<li style=\"list-style-type: none;\">\n<ul>\n<li>az adatokhoz val\u00f3 hozz\u00e1f\u00e9r\u00e9st pontosan szab\u00e1lyozza;<\/li>\n<li>csak olyan szem\u00e9lyeknek enged\u00e9lyezze a hozz\u00e1f\u00e9r\u00e9st, akiknek az adat az azzal val\u00f3 feladat elv\u00e9gz\u00e9se \u00e9rdek\u00e9ben sz\u00fcks\u00e9ges, \u00e9s ekkor is csak azon adatokhoz lehessen hozz\u00e1f\u00e9rni, mely minim\u00e1lisan sz\u00fcks\u00e9ges a feladat ell\u00e1t\u00e1s\u00e1hoz;<\/li>\n<li>az \u00e1ltala megb\u00edzott adatfeldolgoz\u00f3kat k\u00f6r\u00fcltekint\u0151en v\u00e1lassza ki, \u00e9s megfelel\u0151 adatfeldolgoz\u00f3i szerz\u0151d\u00e9ssel gondoskodjon az adatok biztons\u00e1g\u00e1r\u00f3l;<\/li>\n<li>gondoskodik a kezelt adatok v\u00e1ltozatlans\u00e1g\u00e1r\u00f3l (adatintegrit\u00e1s), hiteless\u00e9g\u00e9r\u0151l \u00e9s v\u00e9delm\u00e9r\u0151l.<\/li>\n<\/ul>\n<\/li>\n<\/ul>\n<\/li>\n<\/ul>\n<p style=\"padding-left: 40px;\">Az Adatkezel\u0151 \u00e9sszer\u0171 m\u00e9rt\u00e9k\u0171 fizikai, m\u0171szaki \u00e9s szervezeti biztons\u00e1gi int\u00e9zked\u00e9seket alkalmaz az \u00c9rintett adatok v\u00e9delm\u00e9re, k\u00fcl\u00f6n\u00f6sen azoknak a v\u00e9letlen, illet\u00e9ktelen, t\u00f6rv\u00e9nytelen megsemmis\u00edt\u00e9se, elveszt\u00e9se, megv\u00e1ltoztat\u00e1sa, tov\u00e1bbad\u00e1sa, felhaszn\u00e1l\u00e1sa, el\u00e9r\u00e9se vagy feldolgoz\u00e1sa ellen. Az Adatkezel\u0151 a szem\u00e9lyes adatokhoz val\u00f3 ismert, \u00e9s az \u00e9rintettre n\u00e9zve magas kock\u00e1zattal j\u00e1r\u00f3 illet\u00e9ktelen hozz\u00e1f\u00e9r\u00e9s vagy azok felhaszn\u00e1l\u00e1sa eset\u00e9n halad\u00e9ktalanul \u00e9rtes\u00edti az \u00c9rintettet.<\/p>\n<p style=\"padding-left: 40px;\">Az Adatkezel\u0151, amennyiben \u00c9rintett adat tov\u00e1bb\u00edt\u00e1sa sz\u00fcks\u00e9ges, gondoskodik a tov\u00e1bb\u00edtott adatok megfelel\u0151 v\u00e9delm\u00e9r\u0151l, p\u00e9ld\u00e1ul az adat\u00e1llom\u00e1ny titkos\u00edt\u00e1s\u00e1val. Az Adatkezel\u0151 a harmadik szem\u00e9lyek \u00e1ltal megval\u00f3s\u00edtott \u00c9rintett adatkezel\u00e9s\u00e9rt teljes k\u00f6r\u0171 felel\u0151ss\u00e9ggel tartozik.<\/p>\n<p style=\"padding-left: 40px;\">Az Adatkezel\u0151 megfelel\u0151 \u00e9s rendszeres biztons\u00e1gi ment\u00e9sekkel is gondoskodik arr\u00f3l, hogy az \u00c9rintett adatai a megsemmis\u00fcl\u00e9ssel vagy elveszt\u00e9ssel szemben v\u00e9dve legyenek.<\/p>\n<p style=\"padding-left: 40px;\"><strong>8.5<\/strong> Az \u00e9rintett a jogait az al\u00e1bbi el\u00e9rhet\u0151s\u00e9geken gyakorolhatja:<br \/>\nLevelez\u00e9si c\u00edm: <strong>3980 S\u00e1toralja\u00fajhely, H\u0151s\u00f6k tere 3.<\/strong><br \/>\nEmail c\u00edm: <strong>info@ujhelyiturizmus.hu<\/strong><br \/>\nAz \u00c9rintett b\u00e1rmely, az adatkezel\u00e9ssel kapcsolatos k\u00e9rd\u00e9ssel, illetve \u00e9szrev\u00e9tellel a Szolg\u00e1ltat\u00f3 munkat\u00e1rs\u00e1hoz fordulhat a 8.5 pontban el\u00e9rhet\u0151s\u00e9geken kereszt\u00fcl.<\/p>\n<p style=\"padding-left: 40px;\"><strong>8.6<\/strong> Az \u00c9rintett a GDPR, az Info.tv., valamint a Polg\u00e1ri T\u00f6rv\u00e9nyk\u00f6nyv (2013. \u00e9vi V. t\u00f6rv\u00e9ny) alapj\u00e1n<\/p>\n<ul>\n<li style=\"list-style-type: none;\">\n<ul>\n<li style=\"list-style-type: none;\">\n<ul>\n<li><strong>Nemzeti Adatv\u00e9delmi \u00e9s Inform\u00e1ci\u00f3szabads\u00e1g Hat\u00f3s\u00e1ghoz<\/strong> (1125 Budapest, Szil\u00e1gyi Erzs\u00e9bet fasor 22\/c.; www.naih.hu) fordulhat vagy<\/li>\n<li><strong>B\u00edr\u00f3s\u00e1g<\/strong> el\u0151tt \u00e9rv\u00e9nyes\u00edtheti jogait.<\/li>\n<\/ul>\n<\/li>\n<\/ul>\n<\/li>\n<\/ul>\n<p style=\"padding-left: 40px;\"><strong>8.7<\/strong> Amennyiben az \u00c9rintett szolg\u00e1ltat\u00e1s ig\u00e9nybev\u00e9tel\u00e9hez, a regisztr\u00e1ci\u00f3 sor\u00e1n, a h\u00edrlev\u00e9l feliratkoz\u00e1skor harmadik f\u00e9l adatait adta meg vagy a Weboldal haszn\u00e1lata sor\u00e1n b\u00e1rmilyen m\u00f3don k\u00e1rt okozott, a Szolg\u00e1ltat\u00f3 jogosult az \u00c9rintettel szembeni k\u00e1rt\u00e9r\u00edt\u00e9s \u00e9rv\u00e9nyes\u00edt\u00e9s\u00e9re. A Szolg\u00e1ltat\u00f3 ilyen esetben minden t\u0151le telhet\u0151 seg\u00edts\u00e9get megad az elj\u00e1r\u00f3 hat\u00f3s\u00e1goknak a jogs\u00e9rt\u0151 szem\u00e9ly szem\u00e9lyazonoss\u00e1g\u00e1nak meg\u00e1llap\u00edt\u00e1sa c\u00e9lj\u00e1b\u00f3l.<\/p>\n<p>[\/vc_column_text][vc_row_inner content_placement=&#8221;middle&#8221; css=&#8221;.vc_custom_1615541724690{margin-bottom: 50px !important;}&#8221;][vc_column_inner width=&#8221;1\/3&#8243;][\/vc_column_inner][vc_column_inner width=&#8221;1\/3&#8243;][vc_column_text]<\/p>\n<p>[ultimate_gdpr_policy_accept]<\/p>\n<p>[\/vc_column_text][\/vc_column_inner][vc_column_inner width=&#8221;1\/3&#8243;][\/vc_column_inner][\/vc_row_inner][\/vc_column][\/vc_row]<\/p>\n<\/div>","protected":false},"excerpt":{"rendered":"<p>[vc_row][vc_column][vc_column_text] Adatv\u00e9delmi t\u00e1j\u00e9koztat\u00f3 a weboldal l\u00e1togat\u00f3i sz\u00e1m\u00e1ra &nbsp; A S\u00e1toralja\u00fajhely-Hegyk\u00f6z Turizmus\u00e1\u00e9rt Egyes\u00fclet (a tov\u00e1bbiakban: Szolg\u00e1ltat\u00f3) a www.zempleninfo.eu weboldal (a tov\u00e1bbiakban:&#8230;<\/p>\n","protected":false},"author":1,"featured_media":215954,"parent":0,"menu_order":0,"comment_status":"closed","ping_status":"open","template":"","meta":{"footnotes":""},"class_list":["post-3","page","type-page","status-publish","has-post-thumbnail"],"lang":"hu","translations":{"hu":3},"pll_sync_post":[],"_links":{"self":[{"href":"https:\/\/zempleninfo.eu\/index.php?rest_route=\/wp\/v2\/pages\/3","targetHints":{"allow":["GET"]}}],"collection":[{"href":"https:\/\/zempleninfo.eu\/index.php?rest_route=\/wp\/v2\/pages"}],"about":[{"href":"https:\/\/zempleninfo.eu\/index.php?rest_route=\/wp\/v2\/types\/page"}],"author":[{"embeddable":true,"href":"https:\/\/zempleninfo.eu\/index.php?rest_route=\/wp\/v2\/users\/1"}],"replies":[{"embeddable":true,"href":"https:\/\/zempleninfo.eu\/index.php?rest_route=%2Fwp%2Fv2%2Fcomments&post=3"}],"version-history":[{"count":0,"href":"https:\/\/zempleninfo.eu\/index.php?rest_route=\/wp\/v2\/pages\/3\/revisions"}],"wp:featuredmedia":[{"embeddable":true,"href":"https:\/\/zempleninfo.eu\/index.php?rest_route=\/wp\/v2\/media\/215954"}],"wp:attachment":[{"href":"https:\/\/zempleninfo.eu\/index.php?rest_route=%2Fwp%2Fv2%2Fmedia&parent=3"}],"curies":[{"name":"wp","href":"https:\/\/api.w.org\/{rel}","templated":true}]}}