{"id":217235,"date":"2022-03-03T09:49:08","date_gmt":"2022-03-03T08:49:08","guid":{"rendered":"https:\/\/zempleninfo.eu\/?page_id=217235"},"modified":"2022-04-28T12:39:52","modified_gmt":"2022-04-28T11:39:52","slug":"adatvedelmi-nyilatkozat-hirlevelkuldesrol","status":"publish","type":"page","link":"https:\/\/zempleninfo.eu\/?page_id=217235","title":{"rendered":"Adatv\u00e9delmi nyilatkozat h\u00edrlev\u00e9lk\u00fcld\u00e9sr\u0151l"},"content":{"rendered":"<div class=\"wpb-content-wrapper\"><p>[vc_row][vc_column][vc_column_text]<\/p>\r\n<h3 class=\"wp-block-heading\" style=\"text-align: center;\">Adatv\u00e9delmi nyilatkozat<\/h3>\r\n<h4 style=\"text-align: center;\">h\u00edrlev\u00e9lk\u00fcld\u00e9sr\u0151l<\/h4>\r\n<p>&nbsp;<\/p>\r\n<p>Weboldalunkon lehet\u0151s\u00e9ged van feliratkozni a S\u00e1toralja\u00fajhely-Hegyk\u00f6z Turizmus\u00e1\u00e9rt Egyes\u00fclet h\u00edrlev\u00e9l szolg\u00e1ltat\u00e1s\u00e1ra, amennyiben elm\u00falt\u00e1l 18 \u00e9ves.<\/p>\r\n<p>A feliratkoz\u00e1shoz \u00f6nk\u00e9ntesen hozz\u00e1 kell j\u00e1rulnod ahhoz, hogy egyes\u00fclet\u00fcnk h\u00edrlevelet k\u00fcldj\u00f6n r\u00e9szedre. Ez a hozz\u00e1j\u00e1rul\u00e1s azonban csak akkor lehet jogszer\u0171, ha megfelel\u0151 t\u00e1j\u00e9koztat\u00e1son alapul.<\/p>\r\n<p>Kijelentj\u00fck, hogy h\u00edrlev\u00e9lre t\u00f6rt\u00e9n\u0151 feliratkoz\u00e1skor nem \u00e1ll m\u00f3dunkban a kapcsolattart\u00e1si adatok val\u00f3dis\u00e1g\u00e1nak ellen\u0151rz\u00e9se, \u00e9s annak meg\u00e1llap\u00edt\u00e1sa sem, hogy a megadott adatok mag\u00e1nszem\u00e9lyre vagy v\u00e1llalkoz\u00e1sra vonatkoznak. A vel\u00fcnk kapcsolatba l\u00e9p\u0151 v\u00e1llalkoz\u00e1sokat \u00fcgyf\u00e9l partnerk\u00e9nt kezelj\u00fck.<\/p>\r\n<h5>\u00a0<\/h5>\r\n<h5>Az adatkezel\u0151:<\/h5>\r\n<p style=\"padding-left: 40px;\">Megnevez\u00e9se:\u00a0S\u00e1toralja\u00fajhely-Hegyk\u00f6z Turizmus\u00e1\u00e9rt Egyes\u00fclet<br \/>\r\nNyilv\u00e1ntart\u00e1sba v\u00e9teli sz\u00e1ma:\u00a005-02-0064552<br \/>\r\nSz\u00e9khelye:\u00a03980 S\u00e1toralja\u00fajhely, H\u0151s\u00f6k tere 3.<br \/>\r\nE-mail c\u00edme:\u00a0<a href=\"mailto:info@ujhelyiturzmus.hu\">info@ujhelyiturzmus.hu<\/a><br \/>\r\nKapcsolattart\u00f3: Blan\u00e1r R\u00f3bert TDM menedzser<br \/>\r\nAdatv\u00e9delmi tisztvisel\u0151:\u00a0Nincs<\/p>\r\n<p>&nbsp;<\/p>\r\n<h5>Kezelt szem\u00e9lyes adatok k\u00f6re:<\/h5>\r\n<p style=\"padding-left: 40px;\"><strong>\u00a0<\/strong>n\u00e9v, email-c\u00edm<\/p>\r\n<p>&nbsp;<\/p>\r\n<h5>Az adatkezel\u00e9s c\u00e9lja:<\/h5>\r\n<p style=\"padding-left: 40px;\">Egyes\u00fclet\u00fcnk a szem\u00e9lyes adataidat h\u00edrlev\u00e9l k\u00fcld\u00e9se c\u00e9lj\u00e1b\u00f3l kezeli, h\u00edrekr\u0151l, szolg\u00e1ltat\u00e1sokr\u00f3l, programokr\u00f3l, valamint egy\u00e9b tartalmakr\u00f3l h\u00edrlev\u00e9l-\u00fczenet form\u00e1j\u00e1ban k\u00fcld \u00e9rtes\u00edt\u00e9st.<\/p>\r\n<p style=\"padding-left: 40px;\"><strong>Adatkezel\u00e9s jogalapja<\/strong>: H\u00edrlev\u00e9lre t\u00f6rt\u00e9n\u0151 feliratkoz\u00e1s sor\u00e1n hozz\u00e1j\u00e1rulsz, hogy egyes\u00fclet\u00fcnk a szem\u00e9lyes adataidat a jelen t\u00e1j\u00e9koztat\u00f3ban \u00edrtak szerint kezelje. A szem\u00e9lyes adatok kezel\u00e9se a jelen t\u00e1j\u00e9koztat\u00e1s ismeret\u00e9ben adott \u00f6nk\u00e9ntes hozz\u00e1j\u00e1rul\u00e1sodon alapul.<\/p>\r\n<p style=\"padding-left: 40px;\">Hozz\u00e1j\u00e1rul\u00e1sodat b\u00e1rmikor jogosult vagy visszavonni, azonban a visszavon\u00e1st megel\u0151z\u0151 adatkezel\u00e9s jogszer\u0171s\u00e9g\u00e9t ez nem \u00e9rinti.<\/p>\r\n<p style=\"padding-left: 40px;\"><strong>A levelez\u00e9si list\u00e1ink a k\u00f6vetkez\u0151k:<\/strong><\/p>\r\n<p style=\"padding-left: 40px;\"><strong>V\u00e1rosn\u00e9z\u00e9s: <\/strong>a s\u00e1toralja\u00fajhelyi tematikus t\u00f6rt\u00e9nelmi \u00e9s hagyom\u00e1nyos v\u00e1rosn\u00e9z\u0151 s\u00e9t\u00e1k, illetve kisvonatos v\u00e1rosn\u00e9z\u00e9sek ir\u00e1nt \u00e9rdekl\u0151d\u0151knek.<\/p>\r\n<p style=\"padding-left: 40px;\"><strong>T\u00fara: <\/strong>a Zempl\u00e9ni-hegys\u00e9gben \u00e9s k\u00f6rny\u00e9k\u00e9n megval\u00f3sul\u00f3 vezetett t\u00far\u00e1k ir\u00e1nt \u00e9rdekl\u0151d\u0151knek.<\/p>\r\n<p style=\"padding-left: 40px;\"><strong>Csoportoknak: <\/strong>\u00e1ltal\u00e1nos vagy k\u00f6z\u00e9piskolai oszt\u00e1ly, t\u00far\u00e1z\u00f3, v\u00e1rosn\u00e9z\u0151, nyugd\u00edjas vagy egy\u00e9b csoport kir\u00e1ndul\u00e1s\u00e1t szervez\u0151knek.<\/p>\r\n<p style=\"padding-left: 40px;\"><strong>Rendezv\u00e9nyek: <\/strong>a S\u00e1toralja\u00fajhelyen \u00e9s k\u00f6rny\u00e9k\u00e9n megval\u00f3sul\u00f3 akt\u00edv\/\u00f6ko turisztikai, kultur\u00e1lis, zenei, bor \u00e9s gasztron\u00f3miai rendezv\u00e9nyei \u00e9s programjai ir\u00e1nt \u00e9rdekl\u0151d\u0151knek.<\/p>\r\n<p>&nbsp;<\/p>\r\n<h5>Az adatkezel\u00e9s id\u0151tartama:<\/h5>\r\n<p style=\"padding-left: 40px;\">Egyes\u00fclet\u00fcnk a fenti szem\u00e9lyes adataidat az adatkezel\u00e9s c\u00e9lj\u00e1nak fenn\u00e1ll\u00e1sa alatt kezeli. Amennyiben visszavonod a szem\u00e9lyes adatok kezel\u00e9s\u00e9hez adott hozz\u00e1j\u00e1rul\u00e1sodat, egyes\u00fclet\u00fcnk halad\u00e9ktalanul \u00e9s v\u00e9gleges t\u00f6rli azokat nyilv\u00e1ntart\u00e1s\u00e1b\u00f3l.<\/p>\r\n<p>&nbsp;<\/p>\r\n<h5>T\u00e1j\u00e9koztat\u00e1s adatkezel\u00e9sr\u0151l, a szem\u00e9lyes adat helyesb\u00edt\u00e9se:<\/h5>\r\n<p style=\"padding-left: 40px;\">Jogosult vagy t\u00e1j\u00e9koztat\u00e1st k\u00e9rni szem\u00e9lyes adataidr\u00f3l \u00fagy, hogy az adatkezel\u00e9ssel megb\u00edzott munkat\u00e1rsunkkal az al\u00e1bbi e-mail c\u00edmen felveszed a kapcsolatot: <a href=\"mailto:szilvia.rozsnyai@atmedia.hu\">info@ujhelyiturzmus.hu.<\/a><\/p>\r\n<p style=\"padding-left: 40px;\">Ilyen ig\u00e9ny bejelent\u00e9se eset\u00e9n egyes\u00fclet\u00fcnk t\u00e1j\u00e9koztat a r\u00f3lad kezelt szem\u00e9lyes adatokr\u00f3l \u00e9s az adatkezel\u00e9s m\u00f3dj\u00e1r\u00f3l, illetve jogaidr\u00f3l az adatkezel\u00e9s sor\u00e1n.<\/p>\r\n<p style=\"padding-left: 40px;\">Jogosult vagy tov\u00e1bb\u00e1 arra is, hogy a kezelt adatok kijav\u00edt\u00e1s\u00e1t k\u00e9rd.<\/p>\r\n<p>&nbsp;<\/p>\r\n<h5>Adatkezel\u00e9s megsz\u00fcntet\u00e9se:<\/h5>\r\n<p style=\"padding-left: 40px;\">A h\u00edrlevelekr\u0151l a levelek alj\u00e1n tal\u00e1lhat\u00f3 \u201eLeiratkoz\u00e1s\u201d hivatkoz\u00e1sra kattintva tudsz leiratkozni.<\/p>\r\n<p style=\"padding-left: 40px;\">Emellett \u00edr\u00e1sban egyes\u00fclet\u00fcnk fent megjel\u00f6lt kapcsolattart\u00e1si email c\u00edm\u00e9n (<a href=\"mailto:info@ujhelyiturzmus.hu\">info@ujhelyiturzmus.hu<\/a>), vagy postai \u00faton k\u00e9rheted az adatkezel\u00e9s megsz\u00fcntet\u00e9s\u00e9t, vagy tiltakozhatsz a szem\u00e9lyes adataid kezel\u00e9se ellen. Ebben az esetben egyes\u00fclet\u00fcnk minden \u00e9sszer\u0171 l\u00e9p\u00e9st megtesz annak \u00e9rdek\u00e9ben, hogy adatkezel\u00e9s megsz\u0171ntet\u00e9s\u00e9re ir\u00e1nyul\u00f3 k\u00e9r\u00e9sedet halad\u00e9ktalanul teljes\u00edtse.<\/p>\r\n<p>&nbsp;<\/p>\r\n<h5>Fel\u00fcgyeleti szerv:<\/h5>\r\n<p style=\"padding-left: 40px;\">Amennyiben adatkezel\u00e9s\u00fcnkkel kapcsolatban jogszer\u0171tlens\u00e9get tapasztalsz, az al\u00e1bbi hat\u00f3s\u00e1gn\u00e1l \u00e9lhetsz panasszal:<\/p>\r\n<p style=\"padding-left: 40px;\">N\u00e9v: Nemzeti Adatv\u00e9delmi \u00e9s Inform\u00e1ci\u00f3szabads\u00e1g Hat\u00f3s\u00e1g<br \/>\r\nSz\u00e9khely: 1125 Budapest, Szil\u00e1gyi Erzs\u00e9bet fasor 22\/C.<br \/>\r\nLevelez\u00e9si c\u00edm: 1530 Budapest, Pf.: 5.<br \/>\r\nTelefon: +36 1 391 1400<br \/>\r\nFax: +36 1 391 1410<br \/>\r\nE-<a href=\"mailto:ugyfelszolgalat@naih.hu\">mail: ugyfelszolgalat@naih.hu<\/a><br \/>\r\nHonlap: <a href=\"http:\/\/www.naih.hu\/\">http:\/\/www.naih.hu<\/a><\/p>\r\n<p>[\/vc_column_text][vc_row_inner][vc_column_inner width=&#8221;1\/5&#8243;][\/vc_column_inner][vc_column_inner width=&#8221;3\/5&#8243;][vc_empty_space][vc_custom_heading text=&#8221;Feliratkoz\u00e1s \/ leiratkoz\u00e1s&#8221; font_container=&#8221;tag:h5|text_align:center&#8221; use_theme_fonts=&#8221;yes&#8221;][vc_column_text]<\/p>\r\n<p style=\"text-align: center;\"><script>(function() {\n\twindow.mc4wp = window.mc4wp || {\n\t\tlisteners: [],\n\t\tforms: {\n\t\t\ton: function(evt, cb) {\n\t\t\t\twindow.mc4wp.listeners.push(\n\t\t\t\t\t{\n\t\t\t\t\t\tevent   : evt,\n\t\t\t\t\t\tcallback: cb\n\t\t\t\t\t}\n\t\t\t\t);\n\t\t\t}\n\t\t}\n\t}\n})();\n<\/script><!-- Mailchimp for WordPress v4.12.5 - https:\/\/wordpress.org\/plugins\/mailchimp-for-wp\/ --><form id=\"mc4wp-form-1\" class=\"mc4wp-form mc4wp-form-217227 mc4wp-form-theme mc4wp-form-theme-light\" method=\"post\" data-id=\"217227\" data-name=\"H\u00edrlev\u00e9l\" ><div class=\"mc4wp-form-fields\"><p>\r\n    <label>N\u00e9v: <\/label>\r\n  <input type=\"text\" name=\"LNAME\" placeholder=\"Vezet\u00e9kn\u00e9v\" size=\"7\"> <input type=\"text\" name=\"FNAME\" placeholder=\"Keresztn\u00e9v\" size=\"7\"> <em>(nem k\u00f6telez\u0151)<\/em>\r\n<\/p>\r\n\r\n<p>\r\n\t<label>E-mail c\u00edm: <\/label>\r\n\t<input type=\"email\" name=\"EMAIL\" placeholder=\"Az \u00d6n e-mail c\u00edme\" required \/>\r\n\r\n<\/p>\r\n<input type=\"hidden\" name=\"INTERESTS[c5f52634a7]\" value=\"Feliratkoz\u00f3k\">\r\n\r\n<p>\r\n    <label>List\u00e1ink: <\/label>\r\n    <label>\r\n        <input name=\"INTERESTS[7700d927a8][]\" type=\"checkbox\" value=\"f1175b45fc\"> <span>V\u00e1rosn\u00e9z\u00e9s<\/span>\r\n    <\/label>\r\n    <label>\r\n        <input name=\"INTERESTS[7700d927a8][]\" type=\"checkbox\" value=\"869c971e8e\"> <span>T\u00fara<\/span>\r\n    <\/label>\r\n    <label>\r\n        <input name=\"INTERESTS[7700d927a8][]\" type=\"checkbox\" value=\"9ca05795a7\"> <span>Csoportoknak<\/span>\r\n    <\/label>\r\n    <label>\r\n        <input name=\"INTERESTS[7700d927a8][]\" type=\"checkbox\" value=\"7908305dd2\"> <span>Rendezv\u00e9nyek<\/span>\r\n    <\/label>\r\n<\/p>\r\n\r\n\r\n\r\n\r\n\r\n<p><br>\r\n    <label>\r\n      <input name=\"AGREE_TO_TERMS\" type=\"checkbox\" value=\"1\" required=\"\"> Elolvastam \u00e9s elfogadom a <a target=\"_blank\" href=\"https:\/\/zempleninfo.eu\/adatvedelmi-nyilatkozat-hirlevelkuldesrol\/\">felhaszn\u00e1l\u00e1si felt\u00e9teleket<\/a>!<\/label>\r\n<\/p>\r\n\r\n<p><p>\r\n    <label>M\u0171velet: <\/label>\r\n    <label>\r\n        <input name=\"_mc4wp_action\" type=\"radio\" value=\"subscribe\" required=\"\"\r\n        checked=\"true\"> <span>Feliratkoz\u00e1s<\/span>\r\n    <\/label>\r\n    <label>\r\n        <input name=\"_mc4wp_action\" type=\"radio\" value=\"unsubscribe\" required=\"\"> <span>Leiratkoz\u00e1s<\/span>\r\n    <\/label>\r\n<\/p>\r\n\r\n\t<input type=\"submit\" value=\"Rendben\" \/>\r\n<\/p>\r\n<\/div><label style=\"display: none !important;\">Ha \u00d6n ember, hagyja \u00fcresen ezt a mez\u0151t: <input type=\"text\" name=\"_mc4wp_honeypot\" value=\"\" tabindex=\"-1\" autocomplete=\"off\" \/><\/label><input type=\"hidden\" name=\"_mc4wp_timestamp\" value=\"1778604943\" \/><input type=\"hidden\" name=\"_mc4wp_form_id\" value=\"217227\" \/><input type=\"hidden\" name=\"_mc4wp_form_element_id\" value=\"mc4wp-form-1\" \/><div class=\"mc4wp-response\"><\/div><\/form><!-- \/ Mailchimp for WordPress Plugin --><\/p>\r\n<p>[\/vc_column_text][\/vc_column_inner][vc_column_inner width=&#8221;1\/5&#8243;][\/vc_column_inner][\/vc_row_inner][vc_empty_space][\/vc_column][\/vc_row]<\/p><\/div>","protected":false},"excerpt":{"rendered":"<p>[vc_row][vc_column][vc_column_text] Adatv\u00e9delmi nyilatkozat h\u00edrlev\u00e9lk\u00fcld\u00e9sr\u0151l &nbsp; Weboldalunkon lehet\u0151s\u00e9ged van feliratkozni a S\u00e1toralja\u00fajhely-Hegyk\u00f6z Turizmus\u00e1\u00e9rt Egyes\u00fclet h\u00edrlev\u00e9l szolg\u00e1ltat\u00e1s\u00e1ra, amennyiben elm\u00falt\u00e1l 18 \u00e9ves. A&#8230;<\/p>\n","protected":false},"author":1,"featured_media":215954,"parent":0,"menu_order":0,"comment_status":"closed","ping_status":"open","template":"","meta":{"footnotes":""},"class_list":["post-217235","page","type-page","status-publish","has-post-thumbnail"],"lang":"hu","translations":{"hu":217235},"pll_sync_post":[],"_links":{"self":[{"href":"https:\/\/zempleninfo.eu\/index.php?rest_route=\/wp\/v2\/pages\/217235","targetHints":{"allow":["GET"]}}],"collection":[{"href":"https:\/\/zempleninfo.eu\/index.php?rest_route=\/wp\/v2\/pages"}],"about":[{"href":"https:\/\/zempleninfo.eu\/index.php?rest_route=\/wp\/v2\/types\/page"}],"author":[{"embeddable":true,"href":"https:\/\/zempleninfo.eu\/index.php?rest_route=\/wp\/v2\/users\/1"}],"replies":[{"embeddable":true,"href":"https:\/\/zempleninfo.eu\/index.php?rest_route=%2Fwp%2Fv2%2Fcomments&post=217235"}],"version-history":[{"count":0,"href":"https:\/\/zempleninfo.eu\/index.php?rest_route=\/wp\/v2\/pages\/217235\/revisions"}],"wp:featuredmedia":[{"embeddable":true,"href":"https:\/\/zempleninfo.eu\/index.php?rest_route=\/wp\/v2\/media\/215954"}],"wp:attachment":[{"href":"https:\/\/zempleninfo.eu\/index.php?rest_route=%2Fwp%2Fv2%2Fmedia&parent=217235"}],"curies":[{"name":"wp","href":"https:\/\/api.w.org\/{rel}","templated":true}]}}