{"id":215156,"date":"2021-02-12T12:47:07","date_gmt":"2021-02-12T11:47:07","guid":{"rendered":"http:\/\/2020.zempleninfo.eu\/?page_id=215156"},"modified":"2025-08-26T11:37:31","modified_gmt":"2025-08-26T10:37:31","slug":"letoltheto-dokumentumok-erdeklodoknek","status":"publish","type":"page","link":"https:\/\/zempleninfo.eu\/?page_id=215156","title":{"rendered":"Let\u00f6lthet\u0151 dokumentumok \u00e9rdekl\u0151d\u0151knek"},"content":{"rendered":"<div class=\"wpb-content-wrapper\"><p>[vc_row full_width=&#8221;stretch_row&#8221; content_placement=&#8221;top&#8221; css=&#8221;.vc_custom_1588855740633{padding-top: 30px !important;}&#8221;][vc_column width=&#8221;3\/4&#8243;][vc_custom_heading source=&#8221;post_title&#8221; font_container=&#8221;tag:h4|text_align:left&#8221; google_fonts=&#8221;font_family:Roboto%20Condensed%3A300%2C300italic%2Cregular%2Citalic%2C700%2C700italic|font_style:400%20regular%3A400%3Anormal&#8221;][vc_hoverbox image=&#8221;215201&#8243; primary_title=&#8221;Im\u00e1zs kiadv\u00e1ny 2014&#8243; hover_title=&#8221;&#8221;]<\/p>\n<div class=\"title-h5\" style=\"text-align: center;\"><a href=\"https:\/\/zempleninfo.eu\/wp-content\/uploads\/08_Erdeklodoknek\/IMAGE_2014.pdf\">Im\u00e1zs kiadv\u00e1ny<\/a><\/div>\n<p>[\/vc_hoverbox][vc_empty_space height=&#8221;25px&#8221;][vc_hoverbox image=&#8221;215204&#8243; primary_title=&#8221;S\u00e1toralja\u00fajhely t\u00e9rk\u00e9p&#8221; hover_title=&#8221;&#8221;]<\/p>\n<div class=\"title-h5\" style=\"text-align: center;\"><a href=\"https:\/\/zempleninfo.eu\/wp-content\/uploads\/08_Erdeklodoknek\/Varosterkep_2025.pdf\">S\u00c1TORALJA\u00daJHELY T\u00c9RK\u00c9P<\/a><\/div>\n<p>[\/vc_hoverbox][vc_empty_space height=&#8221;25px&#8221;][vc_hoverbox image=&#8221;216782&#8243; primary_title=&#8221;&#8221; hover_title=&#8221;&#8221;]<\/p>\n<h5 style=\"text-align: center;\"><a href=\"https:\/\/zempleninfo.eu\/wp-content\/uploads\/08_Erdeklodoknek\/Kirandulasi_tippek_HU_s.pdf\">KIR\u00c1NDUL\u00c1SI TIPPEK<\/a><\/h5>\n<p>[\/vc_hoverbox][vc_empty_space height=&#8221;25px&#8221;][vc_hoverbox image=&#8221;216783&#8243; primary_title=&#8221;TIPS FOR TRIPS&#8221; hover_title=&#8221;&#8221;]<\/p>\n<h5 style=\"text-align: center;\"><a href=\"https:\/\/zempleninfo.eu\/wp-content\/uploads\/08_Erdeklodoknek\/Kirandulasi_tippek_EN_s.pdf\">TIPS FOR TRIPS<\/a><\/h5>\n<p>[\/vc_hoverbox][vc_empty_space height=&#8221;25px&#8221;][vc_hoverbox image=&#8221;216784&#8243; primary_title=&#8221;TIPY NA V\u00ddLETY&#8221; hover_title=&#8221;&#8221;]<\/p>\n<h5 style=\"text-align: center;\"><a href=\"https:\/\/zempleninfo.eu\/wp-content\/uploads\/08_Erdeklodoknek\/Kirandulasi_tippek_SK_s.pdf\">TIPY NA V\u00ddLETY<\/a><\/h5>\n<p>[\/vc_hoverbox][vc_empty_space height=&#8221;25px&#8221;][vc_hoverbox image=&#8221;216785&#8243; primary_title=&#8221;&#8221; hover_title=&#8221;&#8221;]<\/p>\n<h5 style=\"text-align: center;\"><a href=\"https:\/\/zempleninfo.eu\/wp-content\/uploads\/08_Erdeklodoknek\/Kirandulasi_tippek_UA_s.pdf\">\u041f\u041e\u0420\u0410\u0414\u0418 \u0414\u041b\u042f \u0415\u041a\u0421\u041a\u0423\u0420\u0421\u0406\u0419<\/a><\/h5>\n<p>[\/vc_hoverbox][vc_empty_space height=&#8221;25px&#8221;][vc_column_text]<\/p>\n<h4 class=\"contentheading\"><span class=\"fc_item_title\"> Nyitvatart\u00e1sok jegyz\u00e9ke<\/span><\/h4>\n<ul>\n<li style=\"list-style-type: none;\">\n<ul>\n<li style=\"list-style-type: none;\">\n<ul>\n<li><a href=\"https:\/\/zempleninfo.eu\/wp-content\/uploads\/08_Erdeklodoknek\/nyitvatartasok_tablazatban.xls\">A k\u00f6rny\u00e9kbeli l\u00e1tnival\u00f3k nyitvatart\u00e1sai r\u00f6vid, nyomtathat\u00f3 verzi\u00f3ban.\u00a0<\/a><\/li>\n<\/ul>\n<\/li>\n<\/ul>\n<\/li>\n<\/ul>\n<p>[\/vc_column_text][\/vc_column][vc_column width=&#8221;1\/4&#8243;][vc_widget_sidebar sidebar_id=&#8221;page-sidebar&#8221;][\/vc_column][\/vc_row][vc_row full_width=&#8221;stretch_row_content_no_spaces&#8221; css=&#8221;.vc_custom_1588857454813{margin-bottom: 0px !important;}&#8221;][vc_column]<svg id=\"gambit-row-separator-1\" preserveAspectRatio=\"xMidYMax meet\" class=\"gambit_separator gambit_sep_top gambit-sep-type-slant-decor1\" viewBox=\"0 0 1600 200\" data-bg-color=\"#94c11f\" style=\"display: none; width: 100%; height: calc(200 \/ 1600 * 100vw)\" data-height=\"200\">\n<polygon class=\"gambit_sep_main\" style=\"\" points=\"-4,24.167 1604,198 1604,214 -4,214 \"\/>\n<polygon class=\"gambit_sep_decor1\" style=\"opacity: 1;fill: #f9b000;\" points=\"-4,12 1604,198 -4,24.167 \"\/>\n<polygon class=\"gambit_sep_decor2\" style=\"opacity: 1;fill: rgba(189,195,199,0.01);\" points=\"-4,0 1604,198 -4,12 \"\/><\/svg>[\/vc_column][\/vc_row]<\/p>\n<\/div>","protected":false},"excerpt":{"rendered":"<p>[vc_row full_width=&#8221;stretch_row&#8221; content_placement=&#8221;top&#8221; css=&#8221;.vc_custom_1588855740633{padding-top: 30px !important;}&#8221;][vc_column width=&#8221;3\/4&#8243;][vc_custom_heading source=&#8221;post_title&#8221; font_container=&#8221;tag:h4|text_align:left&#8221; google_fonts=&#8221;font_family:Roboto%20Condensed%3A300%2C300italic%2Cregular%2Citalic%2C700%2C700italic|font_style:400%20regular%3A400%3Anormal&#8221;][vc_hoverbox image=&#8221;215201&#8243; primary_title=&#8221;Im\u00e1zs kiadv\u00e1ny 2014&#8243; hover_title=&#8221;&#8221;] Im\u00e1zs kiadv\u00e1ny [\/vc_hoverbox][vc_empty_space height=&#8221;25px&#8221;][vc_hoverbox image=&#8221;215204&#8243;&#8230;<\/p>\n","protected":false},"author":1,"featured_media":215954,"parent":0,"menu_order":0,"comment_status":"closed","ping_status":"closed","template":"","meta":{"footnotes":""},"class_list":["post-215156","page","type-page","status-publish","has-post-thumbnail"],"lang":"hu","translations":{"hu":215156},"pll_sync_post":[],"_links":{"self":[{"href":"https:\/\/zempleninfo.eu\/index.php?rest_route=\/wp\/v2\/pages\/215156","targetHints":{"allow":["GET"]}}],"collection":[{"href":"https:\/\/zempleninfo.eu\/index.php?rest_route=\/wp\/v2\/pages"}],"about":[{"href":"https:\/\/zempleninfo.eu\/index.php?rest_route=\/wp\/v2\/types\/page"}],"author":[{"embeddable":true,"href":"https:\/\/zempleninfo.eu\/index.php?rest_route=\/wp\/v2\/users\/1"}],"replies":[{"embeddable":true,"href":"https:\/\/zempleninfo.eu\/index.php?rest_route=%2Fwp%2Fv2%2Fcomments&post=215156"}],"version-history":[{"count":4,"href":"https:\/\/zempleninfo.eu\/index.php?rest_route=\/wp\/v2\/pages\/215156\/revisions"}],"predecessor-version":[{"id":220624,"href":"https:\/\/zempleninfo.eu\/index.php?rest_route=\/wp\/v2\/pages\/215156\/revisions\/220624"}],"wp:featuredmedia":[{"embeddable":true,"href":"https:\/\/zempleninfo.eu\/index.php?rest_route=\/wp\/v2\/media\/215954"}],"wp:attachment":[{"href":"https:\/\/zempleninfo.eu\/index.php?rest_route=%2Fwp%2Fv2%2Fmedia&parent=215156"}],"curies":[{"name":"wp","href":"https:\/\/api.w.org\/{rel}","templated":true}]}}