{"id":215150,"date":"2021-02-12T12:25:33","date_gmt":"2021-02-12T11:25:33","guid":{"rendered":"http:\/\/2020.zempleninfo.eu\/?page_id=215150"},"modified":"2025-04-07T13:58:22","modified_gmt":"2025-04-07T12:58:22","slug":"hivatalos-dokumentumok","status":"publish","type":"page","link":"https:\/\/zempleninfo.eu\/?page_id=215150","title":{"rendered":"Hivatalos dokumentumok"},"content":{"rendered":"<div class=\"wpb-content-wrapper\"><p>[vc_row full_width=&#8221;stretch_row&#8221; content_placement=&#8221;top&#8221; css=&#8221;.vc_custom_1588855740633{padding-top: 30px !important;}&#8221;][vc_column width=&#8221;3\/4&#8243;][vc_custom_heading source=&#8221;post_title&#8221; font_container=&#8221;tag:h4|text_align:left&#8221; google_fonts=&#8221;font_family:Roboto%20Condensed%3A300%2C300italic%2Cregular%2Citalic%2C700%2C700italic|font_style:400%20regular%3A400%3Anormal&#8221;][vc_column_text css=&#8221;&#8221;]<\/p>\n<div class=\"title-h5\">Egyes\u00fcleti Alapszab\u00e1ly<\/div>\n<div style=\"padding-left: 40px;\"><a href=\"https:\/\/zempleninfo.eu\/wp-content\/uploads\/09_Tdm\/Alapszabaly_2023.pdf\" target=\"_blank\" rel=\"noopener\">Alapszab\u00e1ly 2023.<\/a><\/div>\n<div>\u00a0<\/div>\n<div class=\"title-h5\">K\u00f6zhaszn\u00fas\u00e1gi jelent\u00e9s<\/div>\n<ul>\n<li style=\"list-style-type: none;\">\n<ul>\n<li><a href=\"https:\/\/zempleninfo.eu\/wp-content\/uploads\/09_Tdm\/kozhasznusagi_jelentesek\/SHTE_kh_jelentes_2009.pdf\">K\u00f6zhaszn\u00fas\u00e1gi jelent\u00e9s 2009<\/a><\/li>\n<li><a href=\"https:\/\/zempleninfo.eu\/wp-content\/uploads\/09_Tdm\/kozhasznusagi_jelentesek\/SHTE_kh_jelentes_2010.pdf\">K\u00f6zhaszn\u00fas\u00e1gi jelent\u00e9s 2010<\/a><\/li>\n<li><a href=\"https:\/\/zempleninfo.eu\/wp-content\/uploads\/09_Tdm\/kozhasznusagi_jelentesek\/SHTE_kh_jelentes_2011.pdf\">K\u00f6zhaszn\u00fas\u00e1gi jelent\u00e9s 2011<\/a><\/li>\n<li><a href=\"https:\/\/zempleninfo.eu\/wp-content\/uploads\/09_Tdm\/kozhasznusagi_jelentesek\/SHTE_kh_jelentes_2012.pdf\">K\u00f6zhaszn\u00fas\u00e1gi jelent\u00e9s 2012<\/a><\/li>\n<li><a href=\"https:\/\/zempleninfo.eu\/wp-content\/uploads\/09_Tdm\/kozhasznusagi_jelentesek\/SHTE_kh_jelentes_2013.pdf\">K\u00f6zhaszn\u00fas\u00e1gi jelent\u00e9s 2013<\/a><\/li>\n<li><a href=\"https:\/\/zempleninfo.eu\/wp-content\/uploads\/09_Tdm\/kozhasznusagi_jelentesek\/SHTE_kh_jelentes_2014.pdf\">K\u00f6zhaszn\u00fas\u00e1gi jelent\u00e9s 2014<\/a><\/li>\n<li><a href=\"https:\/\/zempleninfo.eu\/wp-content\/uploads\/09_Tdm\/kozhasznusagi_jelentesek\/SHTE_kh_jelentes_2015.pdf\">K\u00f6zhaszn\u00fas\u00e1gi jelent\u00e9s 2015<\/a><\/li>\n<li><a href=\"https:\/\/zempleninfo.eu\/wp-content\/uploads\/09_Tdm\/kozhasznusagi_jelentesek\/SHTE_kh_jelentes_2016.pdf\">K\u00f6zhaszn\u00fas\u00e1gi jelent\u00e9s 2016<\/a><\/li>\n<li><a href=\"https:\/\/zempleninfo.eu\/wp-content\/uploads\/09_Tdm\/kozhasznusagi_jelentesek\/SHTE_kh_jelentes_2017.pdf\">K\u00f6zhaszn\u00fas\u00e1gi jelent\u00e9s 2017<\/a><\/li>\n<li><a href=\"https:\/\/zempleninfo.eu\/wp-content\/uploads\/09_Tdm\/kozhasznusagi_jelentesek\/SHTE_kh_jelentes_2018.pdf\">K\u00f6zhaszn\u00fas\u00e1gi jelent\u00e9s 2018<\/a><\/li>\n<li><a href=\"https:\/\/zempleninfo.eu\/wp-content\/uploads\/09_Tdm\/kozhasznusagi_jelentesek\/SHTE_kh_jelentes_2019.pdf\">K\u00f6zhaszn\u00fas\u00e1gi jelent\u00e9s 2019<\/a><\/li>\n<li><a href=\"https:\/\/zempleninfo.eu\/wp-content\/uploads\/09_Tdm\/kozhasznusagi_jelentesek\/SHTE_kh_jelentes_2020.pdf\">K\u00f6zhaszn\u00fas\u00e1gi jelent\u00e9s 2020<\/a><\/li>\n<li><a href=\"https:\/\/zempleninfo.eu\/wp-content\/uploads\/09_Tdm\/kozhasznusagi_jelentesek\/SHTE_kh_jelentes_2021_k.pdf\">K\u00f6zhaszn\u00fas\u00e1gi jelent\u00e9s 2021<\/a><\/li>\n<li><a href=\"https:\/\/zempleninfo.eu\/wp-content\/uploads\/09_Tdm\/kozhasznusagi_jelentesek\/SHTE_kh_jelentes_2022.pdf\">K\u00f6zhaszn\u00fas\u00e1gi jelent\u00e9s 2022<\/a><\/li>\n<li><a href=\"https:\/\/zempleninfo.eu\/wp-content\/uploads\/09_Tdm\/kozhasznusagi_jelentesek\/SHTE_kh_jelentes_2023.pdf\">K\u00f6zhaszn\u00fas\u00e1gi jelent\u00e9s 2023<\/a><\/li>\n<li><a href=\"https:\/\/zempleninfo.eu\/wp-content\/uploads\/09_Tdm\/kozhasznusagi_jelentesek\/SHTE_kh_jelentes_2024.pdf\">K\u00f6zhaszn\u00fas\u00e1gi jelent\u00e9s 2024<\/a><\/li>\n<\/ul>\n<\/li>\n<\/ul>\n<p>[\/vc_column_text][\/vc_column][vc_column width=&#8221;1\/4&#8243;][vc_widget_sidebar sidebar_id=&#8221;page-sidebar&#8221;][\/vc_column][\/vc_row][vc_row full_width=&#8221;stretch_row_content_no_spaces&#8221; css=&#8221;.vc_custom_1588857454813{margin-bottom: 0px !important;}&#8221;][vc_column]<svg id=\"gambit-row-separator-1\" preserveAspectRatio=\"xMidYMax meet\" class=\"gambit_separator gambit_sep_top gambit-sep-type-slant-decor1\" viewBox=\"0 0 1600 200\" data-bg-color=\"#94c11f\" style=\"display: none; width: 100%; height: calc(200 \/ 1600 * 100vw)\" data-height=\"200\">\n<polygon class=\"gambit_sep_main\" style=\"\" points=\"-4,24.167 1604,198 1604,214 -4,214 \"\/>\n<polygon class=\"gambit_sep_decor1\" style=\"opacity: 1;fill: #f9b000;\" points=\"-4,12 1604,198 -4,24.167 \"\/>\n<polygon class=\"gambit_sep_decor2\" style=\"opacity: 1;fill: rgba(189,195,199,0.01);\" points=\"-4,0 1604,198 -4,12 \"\/><\/svg>[\/vc_column][\/vc_row]<\/p>\n<\/div>","protected":false},"excerpt":{"rendered":"<p>[vc_row full_width=&#8221;stretch_row&#8221; content_placement=&#8221;top&#8221; css=&#8221;.vc_custom_1588855740633{padding-top: 30px !important;}&#8221;][vc_column width=&#8221;3\/4&#8243;][vc_custom_heading source=&#8221;post_title&#8221; font_container=&#8221;tag:h4|text_align:left&#8221; google_fonts=&#8221;font_family:Roboto%20Condensed%3A300%2C300italic%2Cregular%2Citalic%2C700%2C700italic|font_style:400%20regular%3A400%3Anormal&#8221;][vc_column_text css=&#8221;&#8221;] Egyes\u00fcleti Alapszab\u00e1ly Alapszab\u00e1ly 2023. \u00a0 K\u00f6zhaszn\u00fas\u00e1gi jelent\u00e9s K\u00f6zhaszn\u00fas\u00e1gi jelent\u00e9s&#8230;<\/p>\n","protected":false},"author":1,"featured_media":215954,"parent":0,"menu_order":0,"comment_status":"closed","ping_status":"closed","template":"","meta":{"footnotes":""},"class_list":["post-215150","page","type-page","status-publish","has-post-thumbnail"],"lang":"hu","translations":{"hu":215150},"pll_sync_post":[],"_links":{"self":[{"href":"https:\/\/zempleninfo.eu\/index.php?rest_route=\/wp\/v2\/pages\/215150","targetHints":{"allow":["GET"]}}],"collection":[{"href":"https:\/\/zempleninfo.eu\/index.php?rest_route=\/wp\/v2\/pages"}],"about":[{"href":"https:\/\/zempleninfo.eu\/index.php?rest_route=\/wp\/v2\/types\/page"}],"author":[{"embeddable":true,"href":"https:\/\/zempleninfo.eu\/index.php?rest_route=\/wp\/v2\/users\/1"}],"replies":[{"embeddable":true,"href":"https:\/\/zempleninfo.eu\/index.php?rest_route=%2Fwp%2Fv2%2Fcomments&post=215150"}],"version-history":[{"count":5,"href":"https:\/\/zempleninfo.eu\/index.php?rest_route=\/wp\/v2\/pages\/215150\/revisions"}],"predecessor-version":[{"id":220315,"href":"https:\/\/zempleninfo.eu\/index.php?rest_route=\/wp\/v2\/pages\/215150\/revisions\/220315"}],"wp:featuredmedia":[{"embeddable":true,"href":"https:\/\/zempleninfo.eu\/index.php?rest_route=\/wp\/v2\/media\/215954"}],"wp:attachment":[{"href":"https:\/\/zempleninfo.eu\/index.php?rest_route=%2Fwp%2Fv2%2Fmedia&parent=215150"}],"curies":[{"name":"wp","href":"https:\/\/api.w.org\/{rel}","templated":true}]}}