{"id":212889,"date":"2020-06-08T08:16:22","date_gmt":"2020-06-08T08:16:22","guid":{"rendered":"http:\/\/2020.zempleninfo.eu\/?page_id=212889"},"modified":"2022-03-22T12:54:56","modified_gmt":"2022-03-22T11:54:56","slug":"muzeumok-muemlekek-zarandokhelyek","status":"publish","type":"page","link":"https:\/\/zempleninfo.eu\/?page_id=212889","title":{"rendered":"M\u00fazeumok, m\u0171eml\u00e9kek, zar\u00e1ndokhelyek"},"content":{"rendered":"<div class=\"wpb-content-wrapper\"><p>[vc_row full_width=&#8221;stretch_row&#8221; content_placement=&#8221;top&#8221; css=&#8221;.vc_custom_1588855740633{padding-top: 30px !important;}&#8221;][vc_column width=&#8221;3\/4&#8243;][vc_custom_heading source=&#8221;post_title&#8221; font_container=&#8221;tag:h4|text_align:left&#8221; google_fonts=&#8221;font_family:Roboto%20Condensed%3A300%2C300italic%2Cregular%2Citalic%2C700%2C700italic|font_style:400%20regular%3A400%3Anormal&#8221;][vc_basic_grid post_type=&#8221;post&#8221; max_items=&#8221;-1&#8243; orderby=&#8221;title&#8221; order=&#8221;ASC&#8221; item=&#8221;211407&#8243; grid_id=&#8221;vc_gid:1611144059387-d54c9354-0727-5&#8243; taxonomies=&#8221;45, 47&#8243;][\/vc_column][vc_column width=&#8221;1\/4&#8243;][vc_widget_sidebar sidebar_id=&#8221;page-sidebar&#8221;][\/vc_column][\/vc_row][vc_row full_width=&#8221;stretch_row_content_no_spaces&#8221; css=&#8221;.vc_custom_1588857454813{margin-bottom: 0px !important;}&#8221;][vc_column]<svg id=\"gambit-row-separator-1\" preserveAspectRatio=\"xMidYMax meet\" class=\"gambit_separator gambit_sep_top gambit-sep-type-slant-decor1\" viewBox=\"0 0 1600 200\" data-bg-color=\"#94c11f\" style=\"display: none; width: 100%; height: calc(200 \/ 1600 * 100vw)\" data-height=\"200\">\n<polygon class=\"gambit_sep_main\" style=\"\" points=\"-4,24.167 1604,198 1604,214 -4,214 \"\/>\n<polygon class=\"gambit_sep_decor1\" style=\"opacity: 1;fill: #f9b000;\" points=\"-4,12 1604,198 -4,24.167 \"\/>\n<polygon class=\"gambit_sep_decor2\" style=\"opacity: 1;fill: rgba(189,195,199,0.01);\" points=\"-4,0 1604,198 -4,12 \"\/><\/svg>[\/vc_column][\/vc_row]<\/p>\n<\/div>","protected":false},"excerpt":{"rendered":"<p>[vc_row full_width=&#8221;stretch_row&#8221; content_placement=&#8221;top&#8221; css=&#8221;.vc_custom_1588855740633{padding-top: 30px !important;}&#8221;][vc_column width=&#8221;3\/4&#8243;][vc_custom_heading source=&#8221;post_title&#8221; font_container=&#8221;tag:h4|text_align:left&#8221; google_fonts=&#8221;font_family:Roboto%20Condensed%3A300%2C300italic%2Cregular%2Citalic%2C700%2C700italic|font_style:400%20regular%3A400%3Anormal&#8221;][vc_basic_grid post_type=&#8221;post&#8221; max_items=&#8221;-1&#8243; orderby=&#8221;title&#8221; order=&#8221;ASC&#8221; item=&#8221;211407&#8243; grid_id=&#8221;vc_gid:1611144059387-d54c9354-0727-5&#8243; taxonomies=&#8221;45, 47&#8243;][\/vc_column][vc_column width=&#8221;1\/4&#8243;][vc_widget_sidebar sidebar_id=&#8221;page-sidebar&#8221;][\/vc_column][\/vc_row][vc_row&#8230;<\/p>\n","protected":false},"author":1,"featured_media":215954,"parent":0,"menu_order":0,"comment_status":"closed","ping_status":"closed","template":"","meta":{"footnotes":""},"class_list":["post-212889","page","type-page","status-publish","has-post-thumbnail"],"lang":"hu","translations":{"en":214418,"hu":212889,"de":214421},"pll_sync_post":[],"_links":{"self":[{"href":"https:\/\/zempleninfo.eu\/index.php?rest_route=\/wp\/v2\/pages\/212889","targetHints":{"allow":["GET"]}}],"collection":[{"href":"https:\/\/zempleninfo.eu\/index.php?rest_route=\/wp\/v2\/pages"}],"about":[{"href":"https:\/\/zempleninfo.eu\/index.php?rest_route=\/wp\/v2\/types\/page"}],"author":[{"embeddable":true,"href":"https:\/\/zempleninfo.eu\/index.php?rest_route=\/wp\/v2\/users\/1"}],"replies":[{"embeddable":true,"href":"https:\/\/zempleninfo.eu\/index.php?rest_route=%2Fwp%2Fv2%2Fcomments&post=212889"}],"version-history":[{"count":0,"href":"https:\/\/zempleninfo.eu\/index.php?rest_route=\/wp\/v2\/pages\/212889\/revisions"}],"wp:featuredmedia":[{"embeddable":true,"href":"https:\/\/zempleninfo.eu\/index.php?rest_route=\/wp\/v2\/media\/215954"}],"wp:attachment":[{"href":"https:\/\/zempleninfo.eu\/index.php?rest_route=%2Fwp%2Fv2%2Fmedia&parent=212889"}],"curies":[{"name":"wp","href":"https:\/\/api.w.org\/{rel}","templated":true}]}}