{"id":211878,"date":"2020-05-07T13:43:34","date_gmt":"2020-05-07T13:43:34","guid":{"rendered":"http:\/\/2020.zempleninfo.eu\/?page_id=211878"},"modified":"2022-03-22T12:58:34","modified_gmt":"2022-03-22T11:58:34","slug":"civil-szervezetek","status":"publish","type":"page","link":"https:\/\/zempleninfo.eu\/?page_id=211878","title":{"rendered":"Civil szervezetek"},"content":{"rendered":"<div class=\"wpb-content-wrapper\"><p>[vc_row full_width=&#8221;stretch_row&#8221; content_placement=&#8221;top&#8221; css=&#8221;.vc_custom_1588855740633{padding-top: 30px !important;}&#8221;][vc_column width=&#8221;3\/4&#8243;][vc_custom_heading source=&#8221;post_title&#8221; font_container=&#8221;tag:h4|text_align:left&#8221; google_fonts=&#8221;font_family:Roboto%20Condensed%3A300%2C300italic%2Cregular%2Citalic%2C700%2C700italic|font_style:400%20regular%3A400%3Anormal&#8221;][vc_column_text]<\/p>\n<div>\n<h5>HOLDF\u00c9NY MAGYAR-LENGYEL KULTUR\u00c1LIS EGYES\u00dcLET<\/h5>\n<\/div>\n<div style=\"padding-left: 40px;\">\n<p>Az egyes\u00fclet tev\u00e9kenys\u00e9g\u00e9nek egyik k\u00f6re a kultur\u00e1lis esem\u00e9nyeken, falu- \u00e9s v\u00e1rosnapokon, fesztiv\u00e1lokon val\u00f3 fell\u00e9p\u00e9s mazsorett bemutat\u00f3val. M\u00e1sik tev\u00e9kenys\u00e9ge a lengyel-magyar bar\u00e1ts\u00e1g jegy\u00e9ben m\u0171k\u00f6d\u0151 testv\u00e9rv\u00e1rosi kapcsolat Opole Lubelske v\u00e1ros\u00e1val.<\/p>\n<\/div>\n<div style=\"padding-left: 40px;\">Az egyes\u00fclet vezet\u0151je Ujjn\u00e9 Schneider Hedvig +36 30 229 7554<\/div>\n<div style=\"padding-left: 40px;\">schedvig@gmail.com<\/div>\n<p>[\/vc_column_text][vc_column_text]<\/p>\n<div>\n<h5>KOSZTYU \u00c1D\u00c1M EML\u00c9K\u00c9RE A LEUK\u00c9MI\u00c1S, DAGANATOS \u00c9S ZEMPL\u00c9N FOGYAT\u00c9KOS GYERMEKEI\u00c9RT ALAP\u00cdTV\u00c1NY<\/h5>\n<\/div>\n<div style=\"padding-left: 40px;\">\n<div>\n<p>Az alap\u00edtv\u00e1ny nem csak zempl\u00e9ni, de az orsz\u00e1g, s\u0151t az orsz\u00e1ghat\u00e1rokon t\u00fal \u00e9l\u0151 \u00e9rintett csal\u00e1dok \u00e9rdek\u00e9ben v\u00e9gez t\u00e1mogat\u00e1si lobbi munk\u00e1t, melynek k\u00f6vetkezt\u00e9ben gy\u00f3gykezel\u00e9si t\u00e1mogat\u00e1sra van lehet\u0151s\u00e9g, valamint \u00e9vr\u0151l-\u00e9vre egy\u00fctt t\u00e1boroznak azok a csal\u00e1dok (feln\u0151ttek \u00e9s gyermekek), akik r\u00e9szt vettek az alap\u00edtv\u00e1ny munk\u00e1j\u00e1ban, vagy r\u00e9szt kaptak az alap\u00edtv\u00e1ny munk\u00e1j\u00e1nak eredm\u00e9nyeib\u0151l.<\/p>\n<\/div>\n<div>Magyar Hajni +36 20 996 1457<\/div>\n<div>www.2004kosztyuadam.hu<\/div>\n<div>novakhajni@gmail.com<\/div>\n<\/div>\n<p>[\/vc_column_text][vc_column_text]<\/p>\n<div>\n<h5>POLY\u00c1N EGYES\u00dcLET<\/h5>\n<\/div>\n<div style=\"padding-left: 40px;\">\n<div>\n<p>Az egyes\u00fclet a helyi term\u00e9kek k\u00e9sz\u00edt\u00e9s\u00e9n \u00e9s a borzderes szarvasmarha g\u00e9nbank fenntart\u00e1s\u00e1n k\u00edv\u00fcl turisztikai feladatokat is ell\u00e1t. K\u00fcl\u00f6nb\u00f6z\u0151 lovasprogramokkal egybek\u00f6tve szeretteti meg a turist\u00e1kkal a Zempl\u00e9ni-hg. \u00e9s a Hegyk\u00f6z csod\u00e1latos term\u00e9szeti k\u00f6rnyezet\u00e9t.<\/p>\n<\/div>\n<div>Mikl\u00f3sn\u00e9 Moln\u00e1r Eszter +36 20 397 4743<\/div>\n<div>polyan.egyesulet@gmail.com<\/div>\n<\/div>\n<p>[\/vc_column_text][vc_column_text]<\/p>\n<div>\n<h5>ZEMPL\u00c9N FENNTARTHAT\u00d3 FEJL\u0150D\u00c9S\u00c9\u00c9RT EGYES\u00dcLET<\/h5>\n<\/div>\n<div style=\"padding-left: 40px;\">\n<div>Turisztikai attrakci\u00f3k gyarap\u00edt\u00e1sa a Zempl\u00e9nben \u00e9s Hegyalj\u00e1n, p\u00e1ly\u00e1zat\u00edr\u00e1s<\/div>\n<div>Blan\u00e1r R\u00f3bert +36 30 454 2103<\/div>\n<div>blanarrobert@gmail.com<\/div>\n<\/div>\n<p>[\/vc_column_text][vc_column_text]<\/p>\n<div>\n<h5>ZEMPL\u00c9NI FIATALOK HAT\u00c1ROK N\u00c9LK\u00dcLI EGYES\u00dcLETE<\/h5>\n<\/div>\n<div style=\"padding-left: 40px;\">\n<div>Hat\u00e1ron \u00e1tny\u00fal\u00f3 magyar kapcsolatok, tal\u00e1lkoz\u00f3k szervez\u00e9se<\/div>\n<div>K\u00e1nya Tam\u00e1s +36 70 771 5368<\/div>\n<div>www.zemplenifiatalok.hu<\/div>\n<\/div>\n<p>[\/vc_column_text][vc_column_text]<\/p>\n<div>\n<h5>ZSOLYOMKAI EGYES\u00dcLET<\/h5>\n<\/div>\n<div style=\"padding-left: 40px;\">\n<div>A s\u00e1toralja\u00fajhelyi Zs\u00f3lyomka bor\u00e1szainak egyes\u00fclete<\/div>\n<div>dr. Est\u00f3k J\u00f3zsef +36 30 914 4334<\/div>\n<div>drestok@gmail.com<\/div>\n<\/div>\n<p>[\/vc_column_text][\/vc_column][vc_column width=&#8221;1\/4&#8243;][vc_widget_sidebar sidebar_id=&#8221;page-sidebar&#8221;][\/vc_column][\/vc_row][vc_row full_width=&#8221;stretch_row_content_no_spaces&#8221; css=&#8221;.vc_custom_1588857454813{margin-bottom: 0px !important;}&#8221;][vc_column]<svg id=\"gambit-row-separator-1\" preserveAspectRatio=\"xMidYMax meet\" class=\"gambit_separator gambit_sep_top gambit-sep-type-slant-decor1\" viewBox=\"0 0 1600 200\" data-bg-color=\"#94c11f\" style=\"display: none; width: 100%; height: calc(200 \/ 1600 * 100vw)\" data-height=\"200\">\n<polygon class=\"gambit_sep_main\" style=\"\" points=\"-4,24.167 1604,198 1604,214 -4,214 \"\/>\n<polygon class=\"gambit_sep_decor1\" style=\"opacity: 1;fill: #f9b000;\" points=\"-4,12 1604,198 -4,24.167 \"\/>\n<polygon class=\"gambit_sep_decor2\" style=\"opacity: 1;fill: rgba(189,195,199,0.01);\" points=\"-4,0 1604,198 -4,12 \"\/><\/svg>[\/vc_column][\/vc_row]<\/p>\n<\/div>","protected":false},"excerpt":{"rendered":"<p>[vc_row full_width=&#8221;stretch_row&#8221; content_placement=&#8221;top&#8221; css=&#8221;.vc_custom_1588855740633{padding-top: 30px !important;}&#8221;][vc_column width=&#8221;3\/4&#8243;][vc_custom_heading source=&#8221;post_title&#8221; font_container=&#8221;tag:h4|text_align:left&#8221; google_fonts=&#8221;font_family:Roboto%20Condensed%3A300%2C300italic%2Cregular%2Citalic%2C700%2C700italic|font_style:400%20regular%3A400%3Anormal&#8221;][vc_column_text] HOLDF\u00c9NY MAGYAR-LENGYEL KULTUR\u00c1LIS EGYES\u00dcLET Az egyes\u00fclet tev\u00e9kenys\u00e9g\u00e9nek egyik k\u00f6re a&#8230;<\/p>\n","protected":false},"author":1,"featured_media":215954,"parent":0,"menu_order":0,"comment_status":"closed","ping_status":"closed","template":"","meta":{"footnotes":""},"class_list":["post-211878","page","type-page","status-publish","has-post-thumbnail"],"lang":"hu","translations":{"en":214409,"hu":211878,"de":214412},"pll_sync_post":[],"_links":{"self":[{"href":"https:\/\/zempleninfo.eu\/index.php?rest_route=\/wp\/v2\/pages\/211878","targetHints":{"allow":["GET"]}}],"collection":[{"href":"https:\/\/zempleninfo.eu\/index.php?rest_route=\/wp\/v2\/pages"}],"about":[{"href":"https:\/\/zempleninfo.eu\/index.php?rest_route=\/wp\/v2\/types\/page"}],"author":[{"embeddable":true,"href":"https:\/\/zempleninfo.eu\/index.php?rest_route=\/wp\/v2\/users\/1"}],"replies":[{"embeddable":true,"href":"https:\/\/zempleninfo.eu\/index.php?rest_route=%2Fwp%2Fv2%2Fcomments&post=211878"}],"version-history":[{"count":0,"href":"https:\/\/zempleninfo.eu\/index.php?rest_route=\/wp\/v2\/pages\/211878\/revisions"}],"wp:featuredmedia":[{"embeddable":true,"href":"https:\/\/zempleninfo.eu\/index.php?rest_route=\/wp\/v2\/media\/215954"}],"wp:attachment":[{"href":"https:\/\/zempleninfo.eu\/index.php?rest_route=%2Fwp%2Fv2%2Fmedia&parent=211878"}],"curies":[{"name":"wp","href":"https:\/\/api.w.org\/{rel}","templated":true}]}}